{"id":658,"date":"2022-03-17T10:02:00","date_gmt":"2022-03-17T08:02:00","guid":{"rendered":"https:\/\/monikulttuurinentyopaikka.myski.web-veistamo.fi\/?page_id=658"},"modified":"2022-06-09T10:28:18","modified_gmt":"2022-06-09T08:28:18","slug":"orientation","status":"publish","type":"page","link":"https:\/\/monikulttuurinen.fi\/en\/orientation\/","title":{"rendered":"Orientation"},"content":{"rendered":"\n<p class=\"has-large-font-size\">Orientation plays an important role in making everyone feel they are part of the work community, and that they know everything they need to know \u2013 both about their work duties and about the customs and practices of the workplace. The supervisor plays a major role when it comes to the atmosphere, as well as understanding and following instructions.<\/p>\n\n\n\n<h2 class=\"wp-block-heading\" id=\"sisalto\">Content of the orientation<\/h2>\n\n\n\n<p>Orientation must always be tailored to the needs of the individual. This is even more important if the new employee has no previous experience of the work culture in Finland. A good supervisor enquires about the starting employee\u2019s expertise and does not expect them to know things.<\/p>\n\n\n\n<p>Failure to take individual needs into account can expose the employee to microaggressions, for example.<\/p>\n\n\n\n<hr class=\"wp-block-separator has-css-opacity is-style-wide\"\/>\n\n\n\n<h2 class=\"wp-block-heading\" id=\"empatia\"><strong>Remember empathy<\/strong><\/h2>\n\n\n\n<p>A good team leader is empathetic. Ask people how they are doing, coping and feeling. Have conversations both personally and collectively.<\/p>\n\n\n\n<p>One of the biggest challenges for a leader is to build trust. People who have lived safely in Finland their whole lives cannot even imagine the worries and fears of those who have fled war, for example. Problems with concentration and mistakes are not necessarily due to a lack of understanding or motivation.<\/p>\n\n\n\n<p>Bend the rules so that everyone is heard and finds their own strengths.<\/p>\n\n\n\n<hr class=\"wp-block-separator has-css-opacity is-style-wide\"\/>\n\n\n\n<h2 class=\"wp-block-heading\" id=\"joukko\"><strong>Belonging to a group<\/strong><\/h2>\n\n\n\n<p>People have a natural need to feel they belong. We want to share memories, experiences and humour. In a successful team, everyone is understood, and there is no need for anyone to explain or hide their own backgrounds and experiences. But you don\u2019t have to share everything with your co-workers, so read the situation.<\/p>\n\n\n\n<p>A good supervisor makes sure everyone is involved in discussions. If a new employee is shy, one-on-one conversations can break the ice.<\/p>\n\n\n\n<p>Coherence can also be created by uniform work wear and workstations, a name tag on the chest and other external symbols.<\/p>\n\n\n\n<hr class=\"wp-block-separator has-css-opacity is-style-wide\"\/>\n\n\n\n<h2 class=\"wp-block-heading\" id=\"saannot\">Clear rules<\/h2>\n\n\n\n<p>All company rules should be written down. This applies to even the oldest non-verbal practices. As the rules are written down, it is necessary to examine whether there are any problematic practices.<\/p>\n\n\n\n<hr class=\"wp-block-separator has-css-opacity is-style-wide\"\/>\n\n\n\n<h2 class=\"wp-block-heading\" id=\"kielitaito\"><strong>Language skills<\/strong><\/h2>\n\n\n\n<p>In Finland, the lack of language skills is used as an excuse to maintain structural racism.<\/p>\n\n\n\n<p>If competence in Finnish is not essential for work tasks, it must not affect recruitment. The workplace is therefore an excellent place to actively develop your skills, as it can be practiced on a daily basis in a versatile and practical way.<\/p>\n\n\n\n<p>During orientation, particular attention must be paid to ensuring that the new employee understands everything that is needed, even in the absence of a common language.<\/p>\n\n\n\n<hr class=\"wp-block-separator has-css-opacity is-style-wide\"\/>\n\n\n\n<figure class=\"wp-block-image size-large\"><img loading=\"lazy\" decoding=\"async\" width=\"1024\" height=\"428\" src=\"https:\/\/monikulttuurinen.fi\/wp-content\/uploads\/2022\/04\/line-miehet-1024x428.png\" alt=\"\" class=\"wp-image-569\" srcset=\"https:\/\/monikulttuurinen.fi\/wp-content\/uploads\/2022\/04\/line-miehet-1024x428.png 1024w, https:\/\/monikulttuurinen.fi\/wp-content\/uploads\/2022\/04\/line-miehet-300x126.png 300w, https:\/\/monikulttuurinen.fi\/wp-content\/uploads\/2022\/04\/line-miehet-768x321.png 768w, https:\/\/monikulttuurinen.fi\/wp-content\/uploads\/2022\/04\/line-miehet-1536x643.png 1536w, https:\/\/monikulttuurinen.fi\/wp-content\/uploads\/2022\/04\/line-miehet.png 1630w\" sizes=\"(max-width: 1024px) 100vw, 1024px\" \/><\/figure>\n\n\n\n<h2 class=\"wp-block-heading\" id=\"kommunikointi\">Communication<\/h2>\n\n\n\n<p>A team\u2019s trust can only be achieved if verbal, non-verbal, written and oral communication is consistent.<\/p>\n\n\n\n<p>In successful communication, cultural differences, situational sensitivity, diversity and truthfulness are taken into account.<\/p>\n\n\n\n<p>The more multilingual the team, the greater the role of non-verbal communication. In addition to language skills, we also need cultural \u2018literacy\u2019. In many cultures, it is non-verbal communication that conveys the real message. Non-verbal communication includes looks, gestures, expressions, but also customs \u2013 politeness, courtesy and interest.<\/p>\n\n\n\n<p>Sincerity is conveyed and forgiven more easily. A smile goes a long way. Cultural mistakes have the most weight if they are based on arrogance.<\/p>\n\n\n\n<hr class=\"wp-block-separator has-css-opacity is-style-wide\"\/>\n\n\n\n<h2 class=\"wp-block-heading\" id=\"mentorointi\"><strong>Mentoring<\/strong><\/h2>\n\n\n\n<p>The company\u2019s own mentoring programmes are effective. They promote integration, the formation of support networks and the adoption of unwritten knowledge and practices.<\/p>\n\n\n\n<p>The importance of mentoring is especially emphasised if a person\u2019s background differs greatly from the rest of the work community. Focus areas may include work culture, unwritten rules, expectations, behaviour and dress standards, and communication style. Methods for handling conflicts, presentation and meeting practices are also important.<\/p>\n\n\n\n<p>Successful mentor pairs which cross race and gender boundaries dare to speak openly about inequality, discrimination, harassment and invisible barriers.<\/p>\n\n\n\n<p>For example, a man often has no idea how different a workplace can be for a woman. There are even greater gaps in understanding between different ethnicities.<\/p>\n\n\n\n<hr class=\"wp-block-separator has-css-opacity is-style-wide\"\/>\n\n\n\n<h2 class=\"wp-block-heading\" id=\"tyopaikka\">A great place to work&nbsp;<\/h2>\n\n\n\n<p>In a great place to work, everyone is treated as a person, a co-worker, a supervisor, even a friend. Not as an immigrant, a woman, an old person, a handicapped person or a person categorised in any other way.<\/p>\n\n\n\n<p>Even differing opinions and ideas are heard from people as individuals and as professionals \u2013 not as representatives of a minority group.<\/p>\n\n\n\n<p>The team makes sure everyone feels they genuinely belong to the team. The first morning is critical in determining whether a person feels welcome and important.<\/p>\n\n\n\n<p>The culture of conversation is open, and no one is left alone. Let\u2019s be receptive and not reject anybody!<\/p>\n\n\n\n<p>People are given space to be themselves, and a safe atmosphere is created. The principles of a safer space are helpful here.<\/p>\n\n\n\n<hr class=\"wp-block-separator has-css-opacity is-style-wide\"\/>\n\n\n\n<h2 class=\"wp-block-heading\" id=\"esihenkilon-lista\"><strong>Checklist for an exemplary supervisor<\/strong><\/h2>\n\n\n\n<p>What\u2019s a good supervisor like? There is no unambiguous answer, but this list will get you started.<\/p>\n\n\n\n<figure class=\"wp-block-table is-style-stripes\"><table><tbody><tr><td>Get to know your team<\/td><\/tr><tr><td>Commit to continuous self-improvement<\/td><\/tr><tr><td>Participate in joint projects by sharing information, communicating experiences and encouraging learning<\/td><\/tr><tr><td>Create broad social networks beyond differences<\/td><\/tr><tr><td>Set an example by respecting the value base and diversity in practice<\/td><\/tr><tr><td>Adapt and be flexible in different situations and practices<\/td><\/tr><tr><td>Pay attention not only to what you\u2019re doing, but also to what you\u2019re not doing<\/td><\/tr><tr><td>Ask for and listen to feedback. Don\u2019t be afraid if it\u2019s negative<\/td><\/tr><\/tbody><\/table><\/figure>\n\n\n\n<hr class=\"wp-block-separator has-css-opacity is-style-wide\"\/>\n\n\n\n<h5 class=\"wp-block-heading\">Sources<\/h5>\n\n\n\n<p class=\"has-small-font-size\"><em>Books<\/em><\/p>\n\n\n\n<ul class=\"has-small-font-size wp-block-list\"><li>Lahti, Leena 2014. Monikulttuurinen ty\u00f6el\u00e4m\u00e4: hyv\u00e4ksi ihmiselle, hyv\u00e4ksi bisnekselle. Helsinki: Sanoma Pro.<\/li><\/ul>\n","protected":false},"excerpt":{"rendered":"<p>Orientation plays an important role in making everyone feel they are part of the work community, and that they know everything they need to know \u2013 both about their work duties and about the customs and practices of the workplace. The supervisor plays a major role when it comes to the atmosphere, as well as [&hellip;]<\/p>\n","protected":false},"author":3,"featured_media":793,"parent":0,"menu_order":7,"comment_status":"closed","ping_status":"closed","template":"","meta":{"_acf_changed":false,"footnotes":""},"class_list":["post-658","page","type-page","status-publish","has-post-thumbnail","hentry"],"acf":[],"_links":{"self":[{"href":"https:\/\/monikulttuurinen.fi\/en\/wp-json\/wp\/v2\/pages\/658"}],"collection":[{"href":"https:\/\/monikulttuurinen.fi\/en\/wp-json\/wp\/v2\/pages"}],"about":[{"href":"https:\/\/monikulttuurinen.fi\/en\/wp-json\/wp\/v2\/types\/page"}],"author":[{"embeddable":true,"href":"https:\/\/monikulttuurinen.fi\/en\/wp-json\/wp\/v2\/users\/3"}],"replies":[{"embeddable":true,"href":"https:\/\/monikulttuurinen.fi\/en\/wp-json\/wp\/v2\/comments?post=658"}],"version-history":[{"count":6,"href":"https:\/\/monikulttuurinen.fi\/en\/wp-json\/wp\/v2\/pages\/658\/revisions"}],"predecessor-version":[{"id":780,"href":"https:\/\/monikulttuurinen.fi\/en\/wp-json\/wp\/v2\/pages\/658\/revisions\/780"}],"wp:featuredmedia":[{"embeddable":true,"href":"https:\/\/monikulttuurinen.fi\/en\/wp-json\/wp\/v2\/media\/793"}],"wp:attachment":[{"href":"https:\/\/monikulttuurinen.fi\/en\/wp-json\/wp\/v2\/media?parent=658"}],"curies":[{"name":"wp","href":"https:\/\/api.w.org\/{rel}","templated":true}]}}