{"id":666,"date":"2022-03-16T10:40:50","date_gmt":"2022-03-16T08:40:50","guid":{"rendered":"https:\/\/monikulttuurinentyopaikka.myski.web-veistamo.fi\/?page_id=666"},"modified":"2026-03-10T13:56:44","modified_gmt":"2026-03-10T11:56:44","slug":"a-safer-space","status":"publish","type":"page","link":"https:\/\/monikulttuurinen.fi\/en\/a-safer-space\/","title":{"rendered":"A Safer Space"},"content":{"rendered":"\n<p class=\"has-large-font-size\">The principles for a safer space are a practical tool for creating a respectful and non-discriminatory environment.<\/p>\n\n\n\n<p class=\"has-large-font-size\">Everyone has the right to a safe workplace where people can be themselves and feel fully respected as themselves.<\/p>\n\n\n\n<p class=\"has-large-font-size\">The principles of a safer space must be regularly considered in each workplace. By engaging everyone, a more transparent and respectful atmosphere will be created.<\/p>\n\n\n\n<h2 class=\"wp-block-heading\" id=\"periaatteiden-luominen\"><strong>Creating principles<\/strong><\/h2>\n\n\n\n<p>Start by putting together a team that includes employees, supervisors, and company management. Collectively think about and focus on the problem areas in your work community. Why are principles created?<\/p>\n\n\n\n<p>You can find inspiration on the equality planning page.<\/p>\n\n\n\n<hr class=\"wp-block-separator has-css-opacity is-style-wide\"\/>\n\n\n\n<h2 class=\"wp-block-heading\" id=\"nimea-vastuuhenkilo\"><strong>Name the responsible person<\/strong><\/h2>\n\n\n\n<p>Select a person responsible for distributing information on the principles and reminding people of the rules. This person can also act as an objective third party in potential conflicts.<\/p>\n\n\n\n<p>To succeed, it is essential that the responsible person has sufficient understanding of the multidisciplinary nature of racism and the experiences of minorities.<\/p>\n\n\n\n<hr class=\"wp-block-separator has-css-opacity is-style-wide\"\/>\n\n\n\n<h2 class=\"wp-block-heading\" id=\"vaikuttavuuden-seuraaminen\">Monitoring effectiveness<\/h2>\n\n\n\n<p>Define in the community how you can measure the success of the principles. Monitoring can be done at least through surveys and interviews. It is also good to examine general attitudinal changes. Have the rules provoked any reaction?<\/p>\n\n\n\n<hr class=\"wp-block-separator has-css-opacity is-style-wide\"\/>\n\n\n\n<h2 class=\"wp-block-heading\" id=\"paivittaminen\">Updating<\/h2>\n\n\n\n<p>Before the principles are implemented, agree a date when you will start the process again. Planning and reviewing the current situation should be carried out at least annually.<\/p>\n\n\n\n<hr class=\"wp-block-separator has-css-opacity is-style-wide\"\/>\n\n\n\n<figure class=\"wp-block-image size-large\"><img loading=\"lazy\" decoding=\"async\" width=\"1024\" height=\"407\" src=\"https:\/\/monikulttuurinen.fi\/wp-content\/uploads\/2022\/04\/line-miehet2-1024x407.png\" alt=\"\" class=\"wp-image-573\" srcset=\"https:\/\/monikulttuurinen.fi\/wp-content\/uploads\/2022\/04\/line-miehet2-1024x407.png 1024w, https:\/\/monikulttuurinen.fi\/wp-content\/uploads\/2022\/04\/line-miehet2-300x119.png 300w, https:\/\/monikulttuurinen.fi\/wp-content\/uploads\/2022\/04\/line-miehet2-768x305.png 768w, https:\/\/monikulttuurinen.fi\/wp-content\/uploads\/2022\/04\/line-miehet2-1536x611.png 1536w, https:\/\/monikulttuurinen.fi\/wp-content\/uploads\/2022\/04\/line-miehet2.png 1700w\" sizes=\"(max-width: 1024px) 100vw, 1024px\" \/><\/figure>\n\n\n\n<h2 class=\"wp-block-heading\" id=\"esimerkkeja-periaatteista\"><strong>Examples of the principles<\/strong><\/h2>\n\n\n\n<p>Don\u2019t know where to start? We have collected general principles for a safer space. Remember to focus on the needs of your workplace when creating your own list.<\/p>\n\n\n\n<p><\/p>\n\n\n\n<div class=\"wp-block-columns are-vertically-aligned-center table-columns is-layout-flex wp-container-core-columns-is-layout-1 wp-block-columns-is-layout-flex\" style=\"padding-top:0px;padding-right:0px;padding-bottom:0px;padding-left:0px\">\n<div class=\"wp-block-column is-vertically-aligned-center has-grey-background-color has-background is-layout-flow wp-block-column-is-layout-flow\" style=\"padding-top:0px;padding-right:0px;padding-bottom:0px;padding-left:0px;flex-basis:33.33%\">\n<h5 class=\"wp-block-heading has-text-align-center\"><strong>Respect<\/strong><\/h5>\n<\/div>\n\n\n\n<div class=\"wp-block-column is-vertically-aligned-center has-grey-background-color has-background is-layout-flow wp-block-column-is-layout-flow\" style=\"padding-top:0px;padding-right:0px;padding-bottom:0px;padding-left:0px;flex-basis:66.66%\">\n<p>Respect each other\u2019s integrity, both physical and verbal. Give space to others. Do not override other people\u2019s opinions and speeches. Respect the privacy of others.<\/p>\n<\/div>\n<\/div>\n\n\n\n<div class=\"wp-block-columns are-vertically-aligned-center table-columns is-layout-flex wp-container-core-columns-is-layout-2 wp-block-columns-is-layout-flex\" style=\"padding-top:0px;padding-right:0px;padding-bottom:0px;padding-left:0px\">\n<div class=\"wp-block-column is-vertically-aligned-center has-grey-background-color has-background is-layout-flow wp-block-column-is-layout-flow\" style=\"padding-top:0px;padding-right:0px;padding-bottom:0px;padding-left:0px;flex-basis:33.33%\">\n<h5 class=\"wp-block-heading has-text-align-center\"><strong>Don\u2019t mock<\/strong><\/h5>\n<\/div>\n\n\n\n<div class=\"wp-block-column is-vertically-aligned-center has-grey-background-color has-background is-layout-flow wp-block-column-is-layout-flow\" style=\"padding-top:0px;padding-right:0px;padding-bottom:0px;padding-left:0px;flex-basis:66.66%\">\n<p>Do not use demeaning and othering language, dismiss or embarrass anyone with your words, behaviour or actions. Also, don\u2019t criticise appearances or gossip.<\/p>\n<\/div>\n<\/div>\n\n\n\n<div class=\"wp-block-columns are-vertically-aligned-center table-columns is-layout-flex wp-container-core-columns-is-layout-3 wp-block-columns-is-layout-flex\" style=\"padding-top:0px;padding-right:0px;padding-bottom:0px;padding-left:0px\">\n<div class=\"wp-block-column is-vertically-aligned-center has-grey-background-color has-background is-layout-flow wp-block-column-is-layout-flow\" style=\"padding-top:0px;padding-right:0px;padding-bottom:0px;padding-left:0px;flex-basis:33.33%\">\n<h5 class=\"wp-block-heading has-text-align-center\"><strong>Don\u2019t make assumptions<\/strong><\/h5>\n<\/div>\n\n\n\n<div class=\"wp-block-column is-vertically-aligned-center has-grey-background-color has-background is-layout-flow wp-block-column-is-layout-flow\" style=\"padding-top:0px;padding-right:0px;padding-bottom:0px;padding-left:0px;flex-basis:66.66%\">\n<p>Make no assumptions about anyone\u2019s sexuality, gender, nationality, ethnicity, religion, values, health, ability to act, or anything else. Also, do not question practices that deviate from the norm.<\/p>\n<\/div>\n<\/div>\n\n\n\n<div class=\"wp-block-columns are-vertically-aligned-center table-columns is-layout-flex wp-container-core-columns-is-layout-4 wp-block-columns-is-layout-flex\" style=\"padding-top:0px;padding-right:0px;padding-bottom:0px;padding-left:0px\">\n<div class=\"wp-block-column is-vertically-aligned-center has-grey-background-color has-background is-layout-flow wp-block-column-is-layout-flow\" style=\"padding-top:0px;padding-right:0px;padding-bottom:0px;padding-left:0px;flex-basis:33.33%\">\n<h5 class=\"wp-block-heading has-text-align-center\"><strong>Communicate<\/strong><\/h5>\n<\/div>\n\n\n\n<div class=\"wp-block-column is-vertically-aligned-center has-grey-background-color has-background is-layout-flow wp-block-column-is-layout-flow\" style=\"padding-top:0px;padding-right:0px;padding-bottom:0px;padding-left:0px;flex-basis:66.66%\">\n<p>Receive the opinions, perspectives and new topics of others without prejudice. Speak understandably to people outside your own reference group. Ask for help and give help at a low threshold.<\/p>\n<\/div>\n<\/div>\n\n\n\n<div class=\"wp-block-columns are-vertically-aligned-center table-columns is-layout-flex wp-container-core-columns-is-layout-5 wp-block-columns-is-layout-flex\" style=\"padding-top:0px;padding-right:0px;padding-bottom:0px;padding-left:0px\">\n<div class=\"wp-block-column is-vertically-aligned-center has-grey-background-color has-background is-layout-flow wp-block-column-is-layout-flow\" style=\"padding-top:0px;padding-right:0px;padding-bottom:0px;padding-left:0px;flex-basis:33.33%\">\n<h5 class=\"wp-block-heading has-text-align-center\"><strong>Address discrimination<\/strong><\/h5>\n<\/div>\n\n\n\n<div class=\"wp-block-column is-vertically-aligned-center has-grey-background-color has-background is-layout-flow wp-block-column-is-layout-flow\" style=\"padding-top:0px;padding-right:0px;padding-bottom:0px;padding-left:0px;flex-basis:66.66%\">\n<p>Anyone who notices inappropriate or discriminatory behaviour has an obligation to intervene and report back to a predefined contact person. Discrimination is always addressed.<\/p>\n<\/div>\n<\/div>\n\n\n\n<div class=\"wp-block-columns are-vertically-aligned-center table-columns is-layout-flex wp-container-core-columns-is-layout-6 wp-block-columns-is-layout-flex\" style=\"padding-top:0px;padding-right:0px;padding-bottom:0px;padding-left:0px\">\n<div class=\"wp-block-column is-vertically-aligned-center has-grey-background-color has-background is-layout-flow wp-block-column-is-layout-flow\" style=\"padding-top:0px;padding-right:0px;padding-bottom:0px;padding-left:0px;flex-basis:33.33%\">\n<h5 class=\"wp-block-heading has-text-align-center\"><strong>Apologise<\/strong><\/h5>\n<\/div>\n\n\n\n<div class=\"wp-block-column is-vertically-aligned-center has-grey-background-color has-background is-layout-flow wp-block-column-is-layout-flow\" style=\"padding-top:0px;padding-right:0px;padding-bottom:0px;padding-left:0px;flex-basis:66.66%\">\n<p>Apologise if you intentionally or unintentionally insult another person. Do not question someone\u2019s experience, even if you do not agree with it. Instead, think about why that person\u2019s feelings may have been hurt.<\/p>\n<\/div>\n<\/div>\n\n\n\n<hr class=\"wp-block-separator has-css-opacity is-style-wide\"\/>\n\n\n\n<h5 class=\"wp-block-heading\">Sources<\/h5>\n\n\n\n<p class=\"has-small-font-size\"><em>Experts:<\/em><\/p>\n\n\n\n<ul class=\"wp-block-list has-small-font-size\">\n<li>Jasmin Assulin, deidei Oy\u00a0<\/li>\n\n\n\n<li>Elena Gorschkow, STTK ry\u00a0<\/li>\n\n\n\n<li>Naomi Holopainen, ATAA Agency\u00a0<\/li>\n\n\n\n<li>Anja Lahermaa<\/li>\n<\/ul>\n\n\n\n<p class=\"has-small-font-size\"><em>Online materials:<\/em><\/p>\n\n\n\n<ul class=\"wp-block-list has-small-font-size\">\n<li>Kulttuuria kaikille 2021. Turvallisemman tilan periaatteet. <a href=\"https:\/\/www.kulttuuriakaikille.fi\/tietoa_meista_turvallisemman_tilan_periaatteet\" target=\"_blank\" rel=\"noreferrer noopener\">https:\/\/www.kulttuuriakaikille.fi\/tietoa_meista_turvallisemman_tilan_periaatteet<\/a>\u00a0<\/li>\n\n\n\n<li>Suomen nuorisoalan keskusj\u00e4rjest\u00f6 Allianssi ry. Turvallisemman tilan periaatteet ja vihapuheesta vapaan keskustelun s\u00e4\u00e4nn\u00f6t. <a href=\"https:\/\/alli.fi\/palvelut\/tyokaluja-nuorisoalalle\/turvallisemman-tilan-periaatteet-ja-vihapuheesta-vapaan-keskustelun-saannot\/\" target=\"_blank\" rel=\"noreferrer noopener\">https:\/\/alli.fi\/palvelut\/tyokaluja-nuorisoalalle\/turvallisemman-tilan-periaatteet-ja-vihapuheesta-vapaan-keskustelun-saannot\/<\/a>\u00a0<\/li>\n\n\n\n<li>Suomen YK-liitto. Turvallinen tila. <a href=\"https:\/\/www.ykliitto.fi\/turvallinen-tila\" target=\"_blank\" rel=\"noreferrer noopener\">https:\/\/www.ykliitto.fi\/turvallinen-tila<\/a>\u00a0<\/li>\n\n\n\n<li>Vasemmistoliitto. Vasemmiston turvallisemman tilan periaatteet. <a href=\"https:\/\/vasemmisto.fi\/vasemmiston-turvallisemman-tilan-periaatteet\/\" target=\"_blank\" rel=\"noreferrer noopener\">https:\/\/vasemmisto.fi\/vasemmiston-turvallisemman-tilan-periaatteet\/<\/a>\u00a0<\/li>\n\n\n\n<li>Vihreiden nuorten ja opiskelijoiden liitto ry. Turvallisempi tila. <a href=\"https:\/\/vihreatnuoret.fi\/materiaalit\/turvallisempi-tila\/\" target=\"_blank\" rel=\"noreferrer noopener\">https:\/\/vihreatnuoret.fi\/materiaalit\/turvallisempi-tila\/<\/a>\u00a0<\/li>\n\n\n\n<li>Vihre\u00e4t 2022. H\u00e4irint\u00e4yhdyshenkil\u00f6t. <a href=\"https:\/\/www.vihreat.fi\/hairintayhdyshenkilot\/\" target=\"_blank\" rel=\"noreferrer noopener\">https:\/\/www.vihreat.fi\/hairintayhdyshenkilot\/<\/a>\u00a0<\/li>\n<\/ul>\n","protected":false},"excerpt":{"rendered":"<p>The principles for a safer space are a practical tool for creating a respectful and non-discriminatory environment. Everyone has the right to a safe workplace where people can be themselves and feel fully respected as themselves. The principles of a safer space must be regularly considered in each workplace. By engaging everyone, a more transparent [&hellip;]<\/p>\n","protected":false},"author":3,"featured_media":748,"parent":0,"menu_order":9,"comment_status":"closed","ping_status":"closed","template":"","meta":{"_acf_changed":false,"footnotes":""},"class_list":["post-666","page","type-page","status-publish","has-post-thumbnail","hentry"],"acf":[],"_links":{"self":[{"href":"https:\/\/monikulttuurinen.fi\/en\/wp-json\/wp\/v2\/pages\/666"}],"collection":[{"href":"https:\/\/monikulttuurinen.fi\/en\/wp-json\/wp\/v2\/pages"}],"about":[{"href":"https:\/\/monikulttuurinen.fi\/en\/wp-json\/wp\/v2\/types\/page"}],"author":[{"embeddable":true,"href":"https:\/\/monikulttuurinen.fi\/en\/wp-json\/wp\/v2\/users\/3"}],"replies":[{"embeddable":true,"href":"https:\/\/monikulttuurinen.fi\/en\/wp-json\/wp\/v2\/comments?post=666"}],"version-history":[{"count":6,"href":"https:\/\/monikulttuurinen.fi\/en\/wp-json\/wp\/v2\/pages\/666\/revisions"}],"predecessor-version":[{"id":923,"href":"https:\/\/monikulttuurinen.fi\/en\/wp-json\/wp\/v2\/pages\/666\/revisions\/923"}],"wp:featuredmedia":[{"embeddable":true,"href":"https:\/\/monikulttuurinen.fi\/en\/wp-json\/wp\/v2\/media\/748"}],"wp:attachment":[{"href":"https:\/\/monikulttuurinen.fi\/en\/wp-json\/wp\/v2\/media?parent=666"}],"curies":[{"name":"wp","href":"https:\/\/api.w.org\/{rel}","templated":true}]}}