{"id":670,"date":"2022-03-16T10:42:06","date_gmt":"2022-03-16T08:42:06","guid":{"rendered":"https:\/\/monikulttuurinentyopaikka.myski.web-veistamo.fi\/?page_id=670"},"modified":"2022-06-09T10:15:22","modified_gmt":"2022-06-09T08:15:22","slug":"learn-more","status":"publish","type":"page","link":"https:\/\/monikulttuurinen.fi\/en\/learn-more\/","title":{"rendered":"Learn More"},"content":{"rendered":"\n<p class=\"has-large-font-size\">The purpose of this site is to provide information on the first steps in promoting diversity and inclusion in companies.<\/p>\n\n\n\n<p class=\"has-large-font-size\">You can enquire about further training and help with strategy from the experts who participated in the study. You can also get started with the books and online publications below.<\/p>\n\n\n\n<h2 class=\"wp-block-heading\">Experts<\/h2>\n\n\n\n<p>Jasmin Assulin and Naomi Holopainen, specialists in diversity and inclusion, participated in the thesis, which served as the background material for this site.<\/p>\n\n\n\n<div class=\"wp-block-columns is-layout-flex wp-container-core-columns-is-layout-1 wp-block-columns-is-layout-flex\">\n<div class=\"wp-block-column is-layout-flow wp-block-column-is-layout-flow\">\n<figure class=\"wp-block-image size-full\"><img loading=\"lazy\" decoding=\"async\" width=\"800\" height=\"800\" src=\"https:\/\/monikulttuurinen.fi\/wp-content\/uploads\/2022\/06\/jasmin-assulin.png\" alt=\"Jasmin Assulin\" class=\"wp-image-800\" srcset=\"https:\/\/monikulttuurinen.fi\/wp-content\/uploads\/2022\/06\/jasmin-assulin.png 800w, https:\/\/monikulttuurinen.fi\/wp-content\/uploads\/2022\/06\/jasmin-assulin-300x300.png 300w, https:\/\/monikulttuurinen.fi\/wp-content\/uploads\/2022\/06\/jasmin-assulin-150x150.png 150w, https:\/\/monikulttuurinen.fi\/wp-content\/uploads\/2022\/06\/jasmin-assulin-768x768.png 768w\" sizes=\"(max-width: 800px) 100vw, 800px\" \/><\/figure>\n\n\n\n<h2 class=\"wp-block-heading\">Jasmin Assulin<\/h2>\n\n\n\n<p>deidei Oy<\/p>\n\n\n\n<p>Jasmin is a diversity, equity and inclusion expert and the CEO and co-founder of deidei.&nbsp;<\/p>\n\n\n\n<p>Email: <a href=\"mailto:jasmin@deidei.co\">jasmin@deidei.co<\/a><\/p>\n\n\n\n<div class=\"wp-block-buttons is-layout-flex wp-block-buttons-is-layout-flex\">\n<div class=\"wp-block-button\"><a class=\"wp-block-button__link\" href=\"https:\/\/www.deidei.co\/\" target=\"_blank\" rel=\"noreferrer noopener\">deidei<\/a><\/div>\n<\/div>\n<\/div>\n\n\n\n<div class=\"wp-block-column is-layout-flow wp-block-column-is-layout-flow\">\n<figure class=\"wp-block-image size-full\"><img loading=\"lazy\" decoding=\"async\" width=\"800\" height=\"800\" src=\"https:\/\/monikulttuurinen.fi\/wp-content\/uploads\/2022\/05\/Naomi-Holopainen.png\" alt=\"Naomi Holopainen\" class=\"wp-image-630\" srcset=\"https:\/\/monikulttuurinen.fi\/wp-content\/uploads\/2022\/05\/Naomi-Holopainen.png 800w, https:\/\/monikulttuurinen.fi\/wp-content\/uploads\/2022\/05\/Naomi-Holopainen-300x300.png 300w, https:\/\/monikulttuurinen.fi\/wp-content\/uploads\/2022\/05\/Naomi-Holopainen-150x150.png 150w, https:\/\/monikulttuurinen.fi\/wp-content\/uploads\/2022\/05\/Naomi-Holopainen-768x768.png 768w\" sizes=\"(max-width: 800px) 100vw, 800px\" \/><\/figure>\n\n\n\n<h2 class=\"wp-block-heading\">Naomi Holopainen <\/h2>\n\n\n\n<p>ATA\u00c1 Agency<\/p>\n\n\n\n<p>Naomi is a co-founder of a creative agency focusing on diversity, equity and inclusion.<\/p>\n\n\n\n<p>Email: <a href=\"mailto:naomi@ataa-agency.com\">naomi@ataa-agency.com<\/a><\/p>\n\n\n\n<div class=\"wp-block-buttons is-layout-flex wp-block-buttons-is-layout-flex\">\n<div class=\"wp-block-button\"><a class=\"wp-block-button__link\" href=\"https:\/\/www.ataa-agency.com\/\" target=\"_blank\" rel=\"noreferrer noopener\">ATA\u00c1 Agency<\/a><\/div>\n<\/div>\n<\/div>\n<\/div>\n\n\n\n<hr class=\"wp-block-separator has-css-opacity is-style-wide\"\/>\n\n\n\n<div class=\"wp-block-columns is-layout-flex wp-container-core-columns-is-layout-2 wp-block-columns-is-layout-flex\">\n<div class=\"wp-block-column is-layout-flow wp-block-column-is-layout-flow\">\n<figure class=\"wp-block-image size-full\"><img loading=\"lazy\" decoding=\"async\" width=\"800\" height=\"800\" src=\"https:\/\/monikulttuurinen.fi\/wp-content\/uploads\/2022\/04\/tomi.png\" alt=\"\" class=\"wp-image-375\" srcset=\"https:\/\/monikulttuurinen.fi\/wp-content\/uploads\/2022\/04\/tomi.png 800w, https:\/\/monikulttuurinen.fi\/wp-content\/uploads\/2022\/04\/tomi-300x300.png 300w, https:\/\/monikulttuurinen.fi\/wp-content\/uploads\/2022\/04\/tomi-150x150.png 150w, https:\/\/monikulttuurinen.fi\/wp-content\/uploads\/2022\/04\/tomi-768x768.png 768w\" sizes=\"(max-width: 800px) 100vw, 800px\" \/><\/figure>\n<\/div>\n\n\n\n<div class=\"wp-block-column is-layout-flow wp-block-column-is-layout-flow\">\n<h2 class=\"wp-block-heading\">Bachelor\u2019s thesis<\/h2>\n\n\n\n<p>Read the full research used as a reference for the site.<\/p>\n\n\n\n<p>Monikulttuurisen tiimin johtaminen antirasistisesta n\u00e4k\u00f6kulmasta. Metropolia AMK. Viestinn\u00e4n tutkinto-ohjelma. 2022.&nbsp;<\/p>\n\n\n\n<div class=\"wp-block-buttons is-layout-flex wp-block-buttons-is-layout-flex\">\n<div class=\"wp-block-button\"><a class=\"wp-block-button__link\" href=\"https:\/\/urn.fi\/URN:NBN:fi:amk-202204185290\" target=\"_blank\" rel=\"noreferrer noopener\">Theseus.fi<\/a><\/div>\n<\/div>\n<\/div>\n<\/div>\n\n\n\n<hr class=\"wp-block-separator has-css-opacity is-style-wide\"\/>\n\n\n\n<h2 class=\"wp-block-heading\">Literature<\/h2>\n\n\n\n<div class=\"wp-block-columns is-layout-flex wp-container-core-columns-is-layout-3 wp-block-columns-is-layout-flex\">\n<div class=\"wp-block-column is-layout-flow wp-block-column-is-layout-flow\">\n<h3 class=\"wp-block-heading\">In Finnish:<\/h3>\n\n\n\n<p><strong>Kolonialismin j\u00e4ljet<\/strong>. Joel Kuortti, Mikko Lehtonen &amp; Olli L\u00f6ytty, 2007.&nbsp;<\/p>\n\n\n\n<p>M<strong>iksi en en\u00e4\u00e4 puhu valkoisille rasismista.<\/strong> Reni Eddo-Lodge, 2021.<\/p>\n\n\n\n<p><strong>Monikulttuurinen ty\u00f6el\u00e4m\u00e4.<\/strong> Leena Lahti. 2014.<\/p>\n\n\n\n<p><strong>Monikulttuurinen ty\u00f6paikka.<\/strong> Kirsi Yli-Kaitala, Minna Toivanen, Barbara Bergbom, Auli Airila &amp; Ari V\u00e4\u00e4r\u00e4nen, 2013.&nbsp;<\/p>\n\n\n\n<p><strong>Rasismi, valta ja vastarinta.<\/strong> Suvi Keskinen, Minna Seikkula &amp; Faith Mkwesha, 2021&nbsp;<\/p>\n<\/div>\n\n\n\n<div class=\"wp-block-column is-layout-flow wp-block-column-is-layout-flow\">\n<h3 class=\"wp-block-heading\">In English:<\/h3>\n\n\n\n<p><strong>Diversity intelligence: How to Create a Culture of Inclusion for Your Business.<\/strong> Heidi R. Andersen, 2021&nbsp;<\/p>\n\n\n\n<p><strong>So You Want to Talk About Race.<\/strong> Oluo Ijeoma, 2018.&nbsp;<\/p>\n\n\n\n<p><strong>The Conversation: How Talking About Racism Can Transform Individuals and Organizations. <\/strong>Robert Livingston, 2021&nbsp;<\/p>\n\n\n\n<p><strong>White Privilege: The Myth of a Post-Racial Cociety<\/strong>. Kalwani Bhopal, 2018.&nbsp;<\/p>\n\n\n\n<p><strong>White Fragility: Why it\u2019s Hard to Talk to White People About Racism.<\/strong> Robin DiAngelo, 2018&nbsp;<\/p>\n<\/div>\n<\/div>\n\n\n\n<hr class=\"wp-block-separator has-css-opacity is-style-wide\"\/>\n\n\n\n<h2 class=\"wp-block-heading\">Links<\/h2>\n\n\n\n<p><a href=\"https:\/\/julkaisut.valtioneuvosto.fi\/handle\/10024\/163625\" target=\"_blank\" rel=\"noreferrer noopener\">Oikeusministe5ri\u00f6n tasa-arvo ja yhdenvertaisuussuunnitelma<\/a><\/p>\n\n\n\n<p><a href=\"https:\/\/syrjinta.fi\/etusivu\" data-type=\"URL\" data-id=\"https:\/\/syrjinta.fi\/etusivu\">Syrjint\u00e4.fi<\/a><\/p>\n\n\n\n<p><a href=\"https:\/\/julkaisut.valtioneuvosto.fi\/bitstream\/handle\/10024\/163880\/VNTEAS_2022_20.pdf?sequence=1&amp;isAllowed=y\" data-type=\"URL\" data-id=\"https:\/\/julkaisut.valtioneuvosto.fi\/bitstream\/handle\/10024\/163880\/VNTEAS_2022_20.pdf?sequence=1&amp;isAllowed=y\">Tavoitteena syrjim\u00e4t\u00f6n ty\u00f6el\u00e4m\u00e4 &#8211; Ty\u00f6syrjinn\u00e4n nykytila ja keinoja tasa-arvon ja yhdenvertaisuuden edist\u00e4miseksi, Valtioneuvosto<\/a><\/p>\n\n\n\n<p><a href=\"https:\/\/fra.europa.eu\/fi\/publication\/2018\/being-black-eu\" target=\"_blank\" rel=\"noreferrer noopener\">Tummaihoisena EU:ssa -tutkimus, Euroopan unionin perusoikeusvirasto<\/a><\/p>\n\n\n\n<p><a href=\"https:\/\/tem.fi\/-\/tyoelaman-monimuotoisuusopas-ja-yritysvalmennukset-helpottavat-monimuotoisten-tyoyhteisojen-rakentamista-\" target=\"_blank\" rel=\"noreferrer noopener\">Ty\u00f6el\u00e4m\u00e4n monimuotoisuusopas ja yritysvalmennukset helpottavat monimuotoisten ty\u00f6yhteis\u00f6jen rakentamista&nbsp;<\/a><\/p>\n\n\n\n<p><a href=\"https:\/\/tem.fi\/tyoelaman-monimuotoisuuden-tyokalut\" data-type=\"URL\" data-id=\"https:\/\/tem.fi\/tyoelaman-monimuotoisuuden-tyokalut\" target=\"_blank\" rel=\"noreferrer noopener\">Ty\u00f6el\u00e4m\u00e4n monimuotoisuuden ty\u00f6kalut, TEM<\/a><\/p>\n\n\n\n<p><a href=\"https:\/\/thl.fi\/fi\/tutkimus-ja-kehittaminen\/tutkimukset-ja-hankkeet\/ulkomailla-syntyneiden-hyvinvointitutkimus-finmonik-\" data-type=\"URL\" data-id=\"https:\/\/thl.fi\/fi\/tutkimus-ja-kehittaminen\/tutkimukset-ja-hankkeet\/ulkomailla-syntyneiden-hyvinvointitutkimus-finmonik-\" target=\"_blank\" rel=\"noreferrer noopener\">Ulkomailla syntyneiden hyvinvointitutkimus (FinMonik), Terveyden ja hyvinvoinnin laitos<\/a><\/p>\n\n\n\n<p><a rel=\"noreferrer noopener\" href=\"https:\/\/yhdenvertaisuus.fi\/etusivu\" data-type=\"URL\" data-id=\"https:\/\/yhdenvertaisuus.fi\/etusivu\" target=\"_blank\">Yhdenvertaisuus.fi<\/a><\/p>\n","protected":false},"excerpt":{"rendered":"<p>The purpose of this site is to provide information on the first steps in promoting diversity and inclusion in companies. You can enquire about further training and help with strategy from the experts who participated in the study. You can also get started with the books and online publications below. Experts Jasmin Assulin and Naomi [&hellip;]<\/p>\n","protected":false},"author":3,"featured_media":738,"parent":0,"menu_order":10,"comment_status":"closed","ping_status":"closed","template":"","meta":{"_acf_changed":false,"footnotes":""},"class_list":["post-670","page","type-page","status-publish","has-post-thumbnail","hentry"],"acf":[],"_links":{"self":[{"href":"https:\/\/monikulttuurinen.fi\/en\/wp-json\/wp\/v2\/pages\/670"}],"collection":[{"href":"https:\/\/monikulttuurinen.fi\/en\/wp-json\/wp\/v2\/pages"}],"about":[{"href":"https:\/\/monikulttuurinen.fi\/en\/wp-json\/wp\/v2\/types\/page"}],"author":[{"embeddable":true,"href":"https:\/\/monikulttuurinen.fi\/en\/wp-json\/wp\/v2\/users\/3"}],"replies":[{"embeddable":true,"href":"https:\/\/monikulttuurinen.fi\/en\/wp-json\/wp\/v2\/comments?post=670"}],"version-history":[{"count":10,"href":"https:\/\/monikulttuurinen.fi\/en\/wp-json\/wp\/v2\/pages\/670\/revisions"}],"predecessor-version":[{"id":802,"href":"https:\/\/monikulttuurinen.fi\/en\/wp-json\/wp\/v2\/pages\/670\/revisions\/802"}],"wp:featuredmedia":[{"embeddable":true,"href":"https:\/\/monikulttuurinen.fi\/en\/wp-json\/wp\/v2\/media\/738"}],"wp:attachment":[{"href":"https:\/\/monikulttuurinen.fi\/en\/wp-json\/wp\/v2\/media?parent=670"}],"curies":[{"name":"wp","href":"https:\/\/api.w.org\/{rel}","templated":true}]}}